{"id":24,"date":"2016-04-13T08:01:12","date_gmt":"2016-04-13T06:01:12","guid":{"rendered":"https:\/\/www.vorlop.info\/en\/?page_id=24"},"modified":"2018-05-23T17:56:21","modified_gmt":"2018-05-23T15:56:21","slug":"rock-and-roller-cafe","status":"publish","type":"page","link":"https:\/\/www.vorlop.info\/en\/mobile-gastronomy\/rock-and-roller-cafe\/","title":{"rendered":"Rock &#038; Roller Caf\u00e9"},"content":{"rendered":"\n<style type=\"text\/css\" data-created_by=\"avia_inline_auto\" id=\"style-css-av-av_one_half-9497bbf8bff73ea4c6992cc17fa9ec36\">\n.flex_column.av-av_one_half-9497bbf8bff73ea4c6992cc17fa9ec36{\nborder-radius:0px 0px 0px 0px;\npadding:0px 0px 0px 0px;\n}\n<\/style>\n<div  class='flex_column av-av_one_half-9497bbf8bff73ea4c6992cc17fa9ec36 av_one_half  avia-builder-el-0  el_before_av_one_half  avia-builder-el-first  first flex_column_div av-zero-column-padding  '     ><p>\n<style type=\"text\/css\" data-created_by=\"avia_inline_auto\" id=\"style-css-av-av_image-7f94c80f86a86a21e0faabe0e8daa8b3\">\n.avia-image-container.av-av_image-7f94c80f86a86a21e0faabe0e8daa8b3 img.avia_image{\nbox-shadow:none;\n}\n.avia-image-container.av-av_image-7f94c80f86a86a21e0faabe0e8daa8b3 .av-image-caption-overlay-center{\ncolor:#ffffff;\n}\n<\/style>\n<div  class='avia-image-container av-av_image-7f94c80f86a86a21e0faabe0e8daa8b3 av-styling- avia-align-  avia-builder-el-1  el_before_av_hr  avia-builder-el-first '   itemprop=\"image\" itemscope=\"itemscope\" itemtype=\"https:\/\/schema.org\/ImageObject\" ><div class=\"avia-image-container-inner\"><div class=\"avia-image-overlay-wrap\"><img decoding=\"async\" fetchpriority=\"high\" class='wp-image-361 avia-img-lazy-loading-not-361 avia_image ' src=\"https:\/\/www.vorlop.info\/en\/wp-content\/uploads\/2016\/04\/vorlop-rock-and-roller-cafe-main.jpg\" alt='Vorlop Rock and Roller Caf\u00e9' title=''  height=\"584\" width=\"880\"  itemprop=\"thumbnailUrl\" srcset=\"https:\/\/www.vorlop.info\/en\/wp-content\/uploads\/2016\/04\/vorlop-rock-and-roller-cafe-main.jpg 880w, https:\/\/www.vorlop.info\/en\/wp-content\/uploads\/2016\/04\/vorlop-rock-and-roller-cafe-main-300x199.jpg 300w, https:\/\/www.vorlop.info\/en\/wp-content\/uploads\/2016\/04\/vorlop-rock-and-roller-cafe-main-768x510.jpg 768w, https:\/\/www.vorlop.info\/en\/wp-content\/uploads\/2016\/04\/vorlop-rock-and-roller-cafe-main-705x468.jpg 705w, https:\/\/www.vorlop.info\/en\/wp-content\/uploads\/2016\/04\/vorlop-rock-and-roller-cafe-main-450x299.jpg 450w\" sizes=\"(max-width: 880px) 100vw, 880px\" \/><\/div><\/div><\/div><br \/>\n\n<style type=\"text\/css\" data-created_by=\"avia_inline_auto\" id=\"style-css-av-av_hr-1fe6cbc5cb4c638d79cf6cf44c990f4e\">\n#top .hr.av-av_hr-1fe6cbc5cb4c638d79cf6cf44c990f4e{\nmargin-top:10px;\nmargin-bottom:10px;\n}\n.hr.av-av_hr-1fe6cbc5cb4c638d79cf6cf44c990f4e .hr-inner{\nwidth:50px;\n}\n<\/style>\n<div  class='hr av-av_hr-1fe6cbc5cb4c638d79cf6cf44c990f4e hr-custom  avia-builder-el-2  el_after_av_image  el_before_av_heading  hr-center hr-icon-no'><span class='hr-inner inner-border-av-border-none'><span class=\"hr-inner-style\"><\/span><\/span><\/div><br \/>\n\n<style type=\"text\/css\" data-created_by=\"avia_inline_auto\" id=\"style-css-av-av_heading-527620e8bedec3e291cabdfe6e131dbf\">\n#top .av-special-heading.av-av_heading-527620e8bedec3e291cabdfe6e131dbf{\npadding-bottom:10px;\n}\nbody .av-special-heading.av-av_heading-527620e8bedec3e291cabdfe6e131dbf .av-special-heading-tag .heading-char{\nfont-size:25px;\n}\n.av-special-heading.av-av_heading-527620e8bedec3e291cabdfe6e131dbf .av-subheading{\nfont-size:15px;\n}\n<\/style>\n<div  class='av-special-heading av-av_heading-527620e8bedec3e291cabdfe6e131dbf av-special-heading-h3  avia-builder-el-3  el_after_av_hr  el_before_av_gallery '><h3 class='av-special-heading-tag'  itemprop=\"headline\"  >Fotogalerie<\/h3><div class=\"special-heading-border\"><div class=\"special-heading-inner-border\"><\/div><\/div><\/div><br \/>\n\n<style type=\"text\/css\" data-created_by=\"avia_inline_auto\" id=\"style-css-av-av_gallery-8cd156e0ed580b143e933af580edf7b1\">\n#top .avia-gallery.av-av_gallery-8cd156e0ed580b143e933af580edf7b1 .avia-gallery-thumb a{\nwidth:33.3333%;\n}\n<\/style>\n<div  class='avia-gallery av-av_gallery-8cd156e0ed580b143e933af580edf7b1 avia_animate_when_visible  avia-builder-el-4  el_after_av_heading  avia-builder-el-last  deactivate_avia_lazyload avia-gallery-animate avia-gallery-1'  itemprop=\"image\" itemscope=\"itemscope\" itemtype=\"https:\/\/schema.org\/ImageObject\" ><meta itemprop=\"contentURL\" content=\"https:\/\/www.vorlop.info\/en\/mobile-gastronomy\/rock-and-roller-cafe\/\"><div class='avia-gallery-thumb'><a href=\"https:\/\/www.vorlop.info\/en\/wp-content\/uploads\/2016\/04\/vorlop-rock-and-roller-cafe-01.jpg\" data-srcset=\"https:\/\/www.vorlop.info\/en\/wp-content\/uploads\/2016\/04\/vorlop-rock-and-roller-cafe-01.jpg 880w, https:\/\/www.vorlop.info\/en\/wp-content\/uploads\/2016\/04\/vorlop-rock-and-roller-cafe-01-300x199.jpg 300w, https:\/\/www.vorlop.info\/en\/wp-content\/uploads\/2016\/04\/vorlop-rock-and-roller-cafe-01-768x510.jpg 768w, https:\/\/www.vorlop.info\/en\/wp-content\/uploads\/2016\/04\/vorlop-rock-and-roller-cafe-01-705x468.jpg 705w, https:\/\/www.vorlop.info\/en\/wp-content\/uploads\/2016\/04\/vorlop-rock-and-roller-cafe-01-450x299.jpg 450w\" data-sizes=\"(max-width: 880px) 100vw, 880px\" data-rel='gallery-1' data-prev-img='https:\/\/www.vorlop.info\/en\/wp-content\/uploads\/2016\/04\/vorlop-rock-and-roller-cafe-01-495x400.jpg' class='first_thumb lightbox ' data-onclick='1' title=''  itemprop=\"thumbnailUrl\"  ><img decoding=\"async\" fetchpriority=\"high\" class=\"wp-image-356 avia-img-lazy-loading-not-356\"   src=\"https:\/\/www.vorlop.info\/en\/wp-content\/uploads\/2016\/04\/vorlop-rock-and-roller-cafe-01-260x185.jpg\" width=\"260\" height=\"185\"  title='' alt='Vorlop Rock and Roller Caf\u00e9' \/><div class='big-prev-fake'><img decoding=\"async\" loading=\"lazy\" class=\"wp-image-356 avia-img-lazy-loading-356\"  width=\"495\" height=\"400\" src=\"https:\/\/www.vorlop.info\/en\/wp-content\/uploads\/2016\/04\/vorlop-rock-and-roller-cafe-01-495x400.jpg\" title='' alt='Vorlop Rock and Roller Caf\u00e9' \/><\/div><\/a><a href=\"https:\/\/www.vorlop.info\/en\/wp-content\/uploads\/2016\/04\/vorlop-rock-and-roller-cafe-02.jpg\" data-srcset=\"https:\/\/www.vorlop.info\/en\/wp-content\/uploads\/2016\/04\/vorlop-rock-and-roller-cafe-02.jpg 880w, https:\/\/www.vorlop.info\/en\/wp-content\/uploads\/2016\/04\/vorlop-rock-and-roller-cafe-02-300x199.jpg 300w, https:\/\/www.vorlop.info\/en\/wp-content\/uploads\/2016\/04\/vorlop-rock-and-roller-cafe-02-768x510.jpg 768w, https:\/\/www.vorlop.info\/en\/wp-content\/uploads\/2016\/04\/vorlop-rock-and-roller-cafe-02-705x468.jpg 705w, https:\/\/www.vorlop.info\/en\/wp-content\/uploads\/2016\/04\/vorlop-rock-and-roller-cafe-02-450x299.jpg 450w\" data-sizes=\"(max-width: 880px) 100vw, 880px\" data-rel='gallery-1' data-prev-img='https:\/\/www.vorlop.info\/en\/wp-content\/uploads\/2016\/04\/vorlop-rock-and-roller-cafe-02-495x400.jpg' class='lightbox ' data-onclick='2' title=''  itemprop=\"thumbnailUrl\"  ><img decoding=\"async\" fetchpriority=\"high\" class=\"wp-image-392 avia-img-lazy-loading-not-392\"   src=\"https:\/\/www.vorlop.info\/en\/wp-content\/uploads\/2016\/04\/vorlop-rock-and-roller-cafe-02-260x185.jpg\" width=\"260\" height=\"185\"  title='' alt='Vorlop Rock and Roller Caf\u00e9' \/><div class='big-prev-fake'><img decoding=\"async\" loading=\"lazy\" class=\"wp-image-392 avia-img-lazy-loading-392\"  width=\"495\" height=\"400\" src=\"https:\/\/www.vorlop.info\/en\/wp-content\/uploads\/2016\/04\/vorlop-rock-and-roller-cafe-02-495x400.jpg\" title='' alt='Vorlop Rock and Roller Caf\u00e9' \/><\/div><\/a><a href=\"https:\/\/www.vorlop.info\/en\/wp-content\/uploads\/2016\/04\/vorlop-rock-and-roller-cafe-03.jpg\" data-srcset=\"https:\/\/www.vorlop.info\/en\/wp-content\/uploads\/2016\/04\/vorlop-rock-and-roller-cafe-03.jpg 880w, https:\/\/www.vorlop.info\/en\/wp-content\/uploads\/2016\/04\/vorlop-rock-and-roller-cafe-03-300x199.jpg 300w, https:\/\/www.vorlop.info\/en\/wp-content\/uploads\/2016\/04\/vorlop-rock-and-roller-cafe-03-768x510.jpg 768w, https:\/\/www.vorlop.info\/en\/wp-content\/uploads\/2016\/04\/vorlop-rock-and-roller-cafe-03-705x468.jpg 705w, https:\/\/www.vorlop.info\/en\/wp-content\/uploads\/2016\/04\/vorlop-rock-and-roller-cafe-03-450x299.jpg 450w\" data-sizes=\"(max-width: 880px) 100vw, 880px\" data-rel='gallery-1' data-prev-img='https:\/\/www.vorlop.info\/en\/wp-content\/uploads\/2016\/04\/vorlop-rock-and-roller-cafe-03-495x400.jpg' class='lightbox ' data-onclick='3' title=''  itemprop=\"thumbnailUrl\"  ><img decoding=\"async\" fetchpriority=\"high\" class=\"wp-image-357 avia-img-lazy-loading-not-357\"   src=\"https:\/\/www.vorlop.info\/en\/wp-content\/uploads\/2016\/04\/vorlop-rock-and-roller-cafe-03-260x185.jpg\" width=\"260\" height=\"185\"  title='' alt='Vorlop Rock and Roller Caf\u00e9' \/><div class='big-prev-fake'><img decoding=\"async\" loading=\"lazy\" class=\"wp-image-357 avia-img-lazy-loading-357\"  width=\"495\" height=\"400\" src=\"https:\/\/www.vorlop.info\/en\/wp-content\/uploads\/2016\/04\/vorlop-rock-and-roller-cafe-03-495x400.jpg\" title='' alt='Vorlop Rock and Roller Caf\u00e9' \/><\/div><\/a><a href=\"https:\/\/www.vorlop.info\/en\/wp-content\/uploads\/2016\/04\/vorlop-rock-and-roller-cafe-04.jpg\" data-srcset=\"https:\/\/www.vorlop.info\/en\/wp-content\/uploads\/2016\/04\/vorlop-rock-and-roller-cafe-04.jpg 880w, https:\/\/www.vorlop.info\/en\/wp-content\/uploads\/2016\/04\/vorlop-rock-and-roller-cafe-04-300x199.jpg 300w, https:\/\/www.vorlop.info\/en\/wp-content\/uploads\/2016\/04\/vorlop-rock-and-roller-cafe-04-768x511.jpg 768w, https:\/\/www.vorlop.info\/en\/wp-content\/uploads\/2016\/04\/vorlop-rock-and-roller-cafe-04-705x469.jpg 705w, https:\/\/www.vorlop.info\/en\/wp-content\/uploads\/2016\/04\/vorlop-rock-and-roller-cafe-04-450x299.jpg 450w\" data-sizes=\"(max-width: 880px) 100vw, 880px\" data-rel='gallery-1' data-prev-img='https:\/\/www.vorlop.info\/en\/wp-content\/uploads\/2016\/04\/vorlop-rock-and-roller-cafe-04-495x400.jpg' class='first_thumb lightbox ' data-onclick='4' title=''  itemprop=\"thumbnailUrl\"  ><img decoding=\"async\" fetchpriority=\"high\" class=\"wp-image-358 avia-img-lazy-loading-not-358\"   src=\"https:\/\/www.vorlop.info\/en\/wp-content\/uploads\/2016\/04\/vorlop-rock-and-roller-cafe-04-260x185.jpg\" width=\"260\" height=\"185\"  title='' alt='Vorlop Rock and Roller Caf\u00e9' \/><div class='big-prev-fake'><img decoding=\"async\" loading=\"lazy\" class=\"wp-image-358 avia-img-lazy-loading-358\"  width=\"495\" height=\"400\" src=\"https:\/\/www.vorlop.info\/en\/wp-content\/uploads\/2016\/04\/vorlop-rock-and-roller-cafe-04-495x400.jpg\" title='' alt='Vorlop Rock and Roller Caf\u00e9' \/><\/div><\/a><a href=\"https:\/\/www.vorlop.info\/en\/wp-content\/uploads\/2016\/04\/vorlop-rock-and-roller-cafe-05.jpg\" data-srcset=\"https:\/\/www.vorlop.info\/en\/wp-content\/uploads\/2016\/04\/vorlop-rock-and-roller-cafe-05.jpg 880w, https:\/\/www.vorlop.info\/en\/wp-content\/uploads\/2016\/04\/vorlop-rock-and-roller-cafe-05-300x199.jpg 300w, https:\/\/www.vorlop.info\/en\/wp-content\/uploads\/2016\/04\/vorlop-rock-and-roller-cafe-05-768x510.jpg 768w, https:\/\/www.vorlop.info\/en\/wp-content\/uploads\/2016\/04\/vorlop-rock-and-roller-cafe-05-705x468.jpg 705w, https:\/\/www.vorlop.info\/en\/wp-content\/uploads\/2016\/04\/vorlop-rock-and-roller-cafe-05-450x299.jpg 450w\" data-sizes=\"(max-width: 880px) 100vw, 880px\" data-rel='gallery-1' data-prev-img='https:\/\/www.vorlop.info\/en\/wp-content\/uploads\/2016\/04\/vorlop-rock-and-roller-cafe-05-495x400.jpg' class='lightbox ' data-onclick='5' title=''  itemprop=\"thumbnailUrl\"  ><img decoding=\"async\" fetchpriority=\"high\" class=\"wp-image-359 avia-img-lazy-loading-not-359\"   src=\"https:\/\/www.vorlop.info\/en\/wp-content\/uploads\/2016\/04\/vorlop-rock-and-roller-cafe-05-260x185.jpg\" width=\"260\" height=\"185\"  title='' alt='Vorlop Rock and Roller Caf\u00e9' \/><div class='big-prev-fake'><img decoding=\"async\" loading=\"lazy\" class=\"wp-image-359 avia-img-lazy-loading-359\"  width=\"495\" height=\"400\" src=\"https:\/\/www.vorlop.info\/en\/wp-content\/uploads\/2016\/04\/vorlop-rock-and-roller-cafe-05-495x400.jpg\" title='' alt='Vorlop Rock and Roller Caf\u00e9' \/><\/div><\/a><a href=\"https:\/\/www.vorlop.info\/en\/wp-content\/uploads\/2016\/04\/vorlop-rock-and-roller-cafe-06.jpg\" data-srcset=\"https:\/\/www.vorlop.info\/en\/wp-content\/uploads\/2016\/04\/vorlop-rock-and-roller-cafe-06.jpg 880w, https:\/\/www.vorlop.info\/en\/wp-content\/uploads\/2016\/04\/vorlop-rock-and-roller-cafe-06-300x199.jpg 300w, https:\/\/www.vorlop.info\/en\/wp-content\/uploads\/2016\/04\/vorlop-rock-and-roller-cafe-06-768x510.jpg 768w, https:\/\/www.vorlop.info\/en\/wp-content\/uploads\/2016\/04\/vorlop-rock-and-roller-cafe-06-705x468.jpg 705w, https:\/\/www.vorlop.info\/en\/wp-content\/uploads\/2016\/04\/vorlop-rock-and-roller-cafe-06-450x299.jpg 450w\" data-sizes=\"(max-width: 880px) 100vw, 880px\" data-rel='gallery-1' data-prev-img='https:\/\/www.vorlop.info\/en\/wp-content\/uploads\/2016\/04\/vorlop-rock-and-roller-cafe-06-495x400.jpg' class='lightbox ' data-onclick='6' title=''  itemprop=\"thumbnailUrl\"  ><img decoding=\"async\" fetchpriority=\"high\" class=\"wp-image-360 avia-img-lazy-loading-not-360\"   src=\"https:\/\/www.vorlop.info\/en\/wp-content\/uploads\/2016\/04\/vorlop-rock-and-roller-cafe-06-260x185.jpg\" width=\"260\" height=\"185\"  title='' alt='Vorlop Rock and Roller Caf\u00e9' \/><div class='big-prev-fake'><img decoding=\"async\" loading=\"lazy\" class=\"wp-image-360 avia-img-lazy-loading-360\"  width=\"495\" height=\"400\" src=\"https:\/\/www.vorlop.info\/en\/wp-content\/uploads\/2016\/04\/vorlop-rock-and-roller-cafe-06-495x400.jpg\" title='' alt='Vorlop Rock and Roller Caf\u00e9' \/><\/div><\/a><\/div><\/div><\/p><\/div>\n<style type=\"text\/css\" data-created_by=\"avia_inline_auto\" id=\"style-css-av-av_one_half-9c1d454dc06f7247226bc4e8f931daae\">\n.flex_column.av-av_one_half-9c1d454dc06f7247226bc4e8f931daae{\nborder-radius:0px 0px 0px 0px;\npadding:0px 0px 0px 0px;\n}\n<\/style>\n<div  class='flex_column av-av_one_half-9c1d454dc06f7247226bc4e8f931daae av_one_half  avia-builder-el-5  el_after_av_one_half  avia-builder-el-last  flex_column_div av-zero-column-padding  '     ><section  class='av_textblock_section av-av_textblock-0366cc7376be6c9e82a3e9cc8987b64f '   itemscope=\"itemscope\" itemtype=\"https:\/\/schema.org\/CreativeWork\" ><div class='avia_textblock'  itemprop=\"text\" ><h3>Das Rock &amp; Roller Caf\u00e9<\/h3>\n<p>Im Rock &amp; Roller Caf\u00e9 bieten wir in stilvollem Ambiente ein breitgef\u00e4chertes Angebot an alkoholischen und alkoholfreien Getr\u00e4nken an.<\/p>\n<p>Bei Bedarf k\u00f6nnen wir das Gesch\u00e4ft mit einem Biergarten erg\u00e4nzen. Die Ma\u00dfe hier sind variabel.<\/p>\n<h3>Aus unserem Angebot<\/h3>\n<ul>\n<li>15 verschiedene Slush Ice Getr\u00e4nke<\/li>\n<li>Alkoholische Getr\u00e4nke, verschiedene Biere<\/li>\n<li>Cocktails, wie z.B. Sex on the beach, Tequila Sunrise, Maitai, Mojito.<\/li>\n<li>Kalte Getr\u00e4nke: Fanta, Cola, Sprite, Wasser, verschiedene S\u00e4fte<\/li>\n<li>Caf\u00e9 Spezialit\u00e4ten, wie z.B. Latte Macchiato, Espresso, Capuccino.<\/li>\n<li>Weitere Hie\u00dfgetr\u00e4nke, wie z.B. Kakao, Jagertee, Grog, Gl\u00fchwein, Lumumba<\/li>\n<\/ul>\n<\/div><\/section><br \/>\n<div  class='hr av-av_hr-dcd2069817a0e3d34ae04cad8f3443c7 hr-default  avia-builder-el-7  el_after_av_textblock  el_before_av_textblock '><span class='hr-inner '><span class=\"hr-inner-style\"><\/span><\/span><\/div><br \/>\n<section  class='av_textblock_section av-av_textblock-0366cc7376be6c9e82a3e9cc8987b64f '   itemscope=\"itemscope\" itemtype=\"https:\/\/schema.org\/CreativeWork\" ><div class='avia_textblock'  itemprop=\"text\" ><h3>Technische Daten<\/h3>\n<p>Front: 5,50 m oder 6,50 m<br \/>\nTiefe: 4,00 m (inkl. Vordach 1,30 m)<br \/>\nH\u00f6he: 5,50 m<br \/>\nFrischwasseranschlu\u00df und Abwasseranschluss werden ben\u00f6tigt.<\/p>\n<h3>Mitgef\u00fchrte Fahrzeuge<\/h3>\n<p>1 Wohnwagen (8,00 m)<br \/>\n1 Tieflader (14,00 m)<br \/>\n1 K\u00fchl- und Magazincontainer (6,00 m)<\/p>\n<\/div><\/section><\/p><\/div><\/p>\n","protected":false},"excerpt":{"rendered":"","protected":false},"author":1,"featured_media":0,"parent":19,"menu_order":0,"comment_status":"closed","ping_status":"closed","template":"","meta":{"footnotes":""},"yoast_head":"<!-- This site is optimized with the Yoast SEO plugin v22.8 - https:\/\/yoast.com\/wordpress\/plugins\/seo\/ -->\n<title>Reisegastronomie Vorlop: Rock &amp; Roller Caf\u00e9<\/title>\n<meta name=\"description\" content=\"Im Rock &amp; Roller Caf\u00e9 bieten wir in stilvollem Ambiente ein breitgef\u00e4chertes Angebot an alkoholischen und alkoholfreien Getr\u00e4nken an.\" \/>\n<meta name=\"robots\" content=\"index, follow, max-snippet:-1, max-image-preview:large, max-video-preview:-1\" \/>\n<link rel=\"canonical\" href=\"https:\/\/www.vorlop.info\/en\/mobile-gastronomy\/rock-and-roller-cafe\/\" \/>\n<meta property=\"og:locale\" content=\"de_DE\" \/>\n<meta property=\"og:type\" content=\"article\" \/>\n<meta property=\"og:title\" content=\"Reisegastronomie Vorlop: Rock &amp; Roller Caf\u00e9\" \/>\n<meta property=\"og:description\" content=\"Im Rock &amp; Roller Caf\u00e9 bieten wir in stilvollem Ambiente ein breitgef\u00e4chertes Angebot an alkoholischen und alkoholfreien Getr\u00e4nken an.\" \/>\n<meta property=\"og:url\" content=\"https:\/\/www.vorlop.info\/en\/mobile-gastronomy\/rock-and-roller-cafe\/\" \/>\n<meta property=\"og:site_name\" content=\"Vorlop GmbH &amp; Co. Freizeitanlagen KG\" \/>\n<meta property=\"article:modified_time\" content=\"2018-05-23T15:56:21+00:00\" \/>\n<meta name=\"twitter:card\" content=\"summary_large_image\" \/>\n<meta name=\"twitter:label1\" content=\"Gesch\u00e4tzte Lesezeit\" \/>\n\t<meta name=\"twitter:data1\" content=\"2\u00a0Minuten\" \/>\n<script type=\"application\/ld+json\" class=\"yoast-schema-graph\">{\"@context\":\"https:\/\/schema.org\",\"@graph\":[{\"@type\":\"WebPage\",\"@id\":\"https:\/\/www.vorlop.info\/en\/mobile-gastronomy\/rock-and-roller-cafe\/\",\"url\":\"https:\/\/www.vorlop.info\/en\/mobile-gastronomy\/rock-and-roller-cafe\/\",\"name\":\"Reisegastronomie Vorlop: Rock & Roller Caf\u00e9\",\"isPartOf\":{\"@id\":\"https:\/\/www.vorlop.info\/en\/#website\"},\"datePublished\":\"2016-04-13T06:01:12+00:00\",\"dateModified\":\"2018-05-23T15:56:21+00:00\",\"description\":\"Im Rock & Roller Caf\u00e9 bieten wir in stilvollem Ambiente ein breitgef\u00e4chertes Angebot an alkoholischen und alkoholfreien Getr\u00e4nken an.\",\"breadcrumb\":{\"@id\":\"https:\/\/www.vorlop.info\/en\/mobile-gastronomy\/rock-and-roller-cafe\/#breadcrumb\"},\"inLanguage\":\"de\",\"potentialAction\":[{\"@type\":\"ReadAction\",\"target\":[\"https:\/\/www.vorlop.info\/en\/mobile-gastronomy\/rock-and-roller-cafe\/\"]}]},{\"@type\":\"BreadcrumbList\",\"@id\":\"https:\/\/www.vorlop.info\/en\/mobile-gastronomy\/rock-and-roller-cafe\/#breadcrumb\",\"itemListElement\":[{\"@type\":\"ListItem\",\"position\":1,\"name\":\"Home\",\"item\":\"https:\/\/www.vorlop.info\/en\/\"},{\"@type\":\"ListItem\",\"position\":2,\"name\":\"Mobile Gastronomy\",\"item\":\"https:\/\/www.vorlop.info\/en\/mobile-gastronomy\/\"},{\"@type\":\"ListItem\",\"position\":3,\"name\":\"Rock &#038; Roller Caf\u00e9\"}]},{\"@type\":\"WebSite\",\"@id\":\"https:\/\/www.vorlop.info\/en\/#website\",\"url\":\"https:\/\/www.vorlop.info\/en\/\",\"name\":\"Vorlop GmbH &amp; Co. Freizeitanlagen KG\",\"description\":\"Schautellerbetriebe Berlin |\u00a0Hannover |\u00a0Rostock\",\"potentialAction\":[{\"@type\":\"SearchAction\",\"target\":{\"@type\":\"EntryPoint\",\"urlTemplate\":\"https:\/\/www.vorlop.info\/en\/?s={search_term_string}\"},\"query-input\":\"required name=search_term_string\"}],\"inLanguage\":\"de\"}]}<\/script>\n<!-- \/ Yoast SEO plugin. -->","yoast_head_json":{"title":"Reisegastronomie Vorlop: Rock & Roller Caf\u00e9","description":"Im Rock & Roller Caf\u00e9 bieten wir in stilvollem Ambiente ein breitgef\u00e4chertes Angebot an alkoholischen und alkoholfreien Getr\u00e4nken an.","robots":{"index":"index","follow":"follow","max-snippet":"max-snippet:-1","max-image-preview":"max-image-preview:large","max-video-preview":"max-video-preview:-1"},"canonical":"https:\/\/www.vorlop.info\/en\/mobile-gastronomy\/rock-and-roller-cafe\/","og_locale":"de_DE","og_type":"article","og_title":"Reisegastronomie Vorlop: Rock & Roller Caf\u00e9","og_description":"Im Rock & Roller Caf\u00e9 bieten wir in stilvollem Ambiente ein breitgef\u00e4chertes Angebot an alkoholischen und alkoholfreien Getr\u00e4nken an.","og_url":"https:\/\/www.vorlop.info\/en\/mobile-gastronomy\/rock-and-roller-cafe\/","og_site_name":"Vorlop GmbH &amp; Co. Freizeitanlagen KG","article_modified_time":"2018-05-23T15:56:21+00:00","twitter_card":"summary_large_image","twitter_misc":{"Gesch\u00e4tzte Lesezeit":"2\u00a0Minuten"},"schema":{"@context":"https:\/\/schema.org","@graph":[{"@type":"WebPage","@id":"https:\/\/www.vorlop.info\/en\/mobile-gastronomy\/rock-and-roller-cafe\/","url":"https:\/\/www.vorlop.info\/en\/mobile-gastronomy\/rock-and-roller-cafe\/","name":"Reisegastronomie Vorlop: Rock & Roller Caf\u00e9","isPartOf":{"@id":"https:\/\/www.vorlop.info\/en\/#website"},"datePublished":"2016-04-13T06:01:12+00:00","dateModified":"2018-05-23T15:56:21+00:00","description":"Im Rock & Roller Caf\u00e9 bieten wir in stilvollem Ambiente ein breitgef\u00e4chertes Angebot an alkoholischen und alkoholfreien Getr\u00e4nken an.","breadcrumb":{"@id":"https:\/\/www.vorlop.info\/en\/mobile-gastronomy\/rock-and-roller-cafe\/#breadcrumb"},"inLanguage":"de","potentialAction":[{"@type":"ReadAction","target":["https:\/\/www.vorlop.info\/en\/mobile-gastronomy\/rock-and-roller-cafe\/"]}]},{"@type":"BreadcrumbList","@id":"https:\/\/www.vorlop.info\/en\/mobile-gastronomy\/rock-and-roller-cafe\/#breadcrumb","itemListElement":[{"@type":"ListItem","position":1,"name":"Home","item":"https:\/\/www.vorlop.info\/en\/"},{"@type":"ListItem","position":2,"name":"Mobile Gastronomy","item":"https:\/\/www.vorlop.info\/en\/mobile-gastronomy\/"},{"@type":"ListItem","position":3,"name":"Rock &#038; Roller Caf\u00e9"}]},{"@type":"WebSite","@id":"https:\/\/www.vorlop.info\/en\/#website","url":"https:\/\/www.vorlop.info\/en\/","name":"Vorlop GmbH &amp; Co. Freizeitanlagen KG","description":"Schautellerbetriebe Berlin |\u00a0Hannover |\u00a0Rostock","potentialAction":[{"@type":"SearchAction","target":{"@type":"EntryPoint","urlTemplate":"https:\/\/www.vorlop.info\/en\/?s={search_term_string}"},"query-input":"required name=search_term_string"}],"inLanguage":"de"}]}},"_links":{"self":[{"href":"https:\/\/www.vorlop.info\/en\/wp-json\/wp\/v2\/pages\/24"}],"collection":[{"href":"https:\/\/www.vorlop.info\/en\/wp-json\/wp\/v2\/pages"}],"about":[{"href":"https:\/\/www.vorlop.info\/en\/wp-json\/wp\/v2\/types\/page"}],"author":[{"embeddable":true,"href":"https:\/\/www.vorlop.info\/en\/wp-json\/wp\/v2\/users\/1"}],"replies":[{"embeddable":true,"href":"https:\/\/www.vorlop.info\/en\/wp-json\/wp\/v2\/comments?post=24"}],"version-history":[{"count":9,"href":"https:\/\/www.vorlop.info\/en\/wp-json\/wp\/v2\/pages\/24\/revisions"}],"predecessor-version":[{"id":393,"href":"https:\/\/www.vorlop.info\/en\/wp-json\/wp\/v2\/pages\/24\/revisions\/393"}],"up":[{"embeddable":true,"href":"https:\/\/www.vorlop.info\/en\/wp-json\/wp\/v2\/pages\/19"}],"wp:attachment":[{"href":"https:\/\/www.vorlop.info\/en\/wp-json\/wp\/v2\/media?parent=24"}],"curies":[{"name":"wp","href":"https:\/\/api.w.org\/{rel}","templated":true}]}}